{"id":229,"date":"2024-07-17T10:36:40","date_gmt":"2024-07-17T10:36:40","guid":{"rendered":"https:\/\/clementabitbol.eliott-markus.cloud\/politique-de-confidentialite\/"},"modified":"2024-07-18T10:50:01","modified_gmt":"2024-07-18T10:50:01","slug":"privacy-policy","status":"publish","type":"page","link":"https:\/\/clementabitbol.com\/en\/privacy-policy\/","title":{"rendered":"Privacy policy"},"content":{"rendered":"\n<p>En utilisant le site Internet https:\/\/www.clementabitbol.com\/ (ci-apr\u00e8s le \u00ab Site \u00bb), l\u2019utilisateur (l\u2019 \u00ab Utilisateur \u00bb) accepte la collecte et l\u2019utilisation de ses donn\u00e9es \u00e0 caract\u00e8re personnel (les \u00ab Donn\u00e9es Personnelles \u00bb ou \u00ab Donn\u00e9es \u00bb) de la mani\u00e8re d\u00e9crite dans la pr\u00e9sente Politique de Confidentialit\u00e9 et ce, par Cl\u00e9ment ABITBOL.<\/p>\n\n\n\n<p>Les traitements de Donn\u00e9es Personnelles collect\u00e9es \u00e0 partir du Site sont effectu\u00e9s dans le respect de la loi du 6 janvier 1978 modifi\u00e9e (\u00ab Loi Informatique et Libert\u00e9s) ainsi que du R\u00e8glement G\u00e9n\u00e9ral sur la Protection des Donn\u00e9es n\u00b0 679\/2016 (\u00ab RGPD \u00bb).<\/p>\n\n\n\n<p>Le responsable de traitement des Donn\u00e9es est Ma\u00eetre Cl\u00e9ment ABITBOL,<\/p>\n\n\n\n<h5 class=\"wp-block-heading\">1. Donn\u00e9es collect\u00e9es<\/h5>\n\n\n\n<p>Les Donn\u00e9es collect\u00e9es par Cl\u00e9ment ABITBOL lors de l\u2019utilisation du Site par l\u2019Utilisateur sont strictement n\u00e9cessaires aux finalit\u00e9s recherch\u00e9es par Cl\u00e9ment ABITBOL et d\u00e9crites ci-dessous.<\/p>\n\n\n\n<h5 class=\"wp-block-heading\">2. Finalit\u00e9s de la collecte et du traitement de Donn\u00e9es<\/h5>\n\n\n\n<p>Des Donn\u00e9es peuvent \u00eatre collect\u00e9es lorsque l\u2019Utilisateur :<\/p>\n\n\n\n<p>-Navigue sur le Site,<\/p>\n\n\n\n<p>Ainsi, les Donn\u00e9es des Utilisateurs ne sont trait\u00e9es que pour les finalit\u00e9s suivantes :<\/p>\n\n\n\n<p>-Am\u00e9liorer la navigation sur le Site<br>-Optimisation des fonctionnalit\u00e9s du Site<\/p>\n\n\n\n<h5 class=\"wp-block-heading\">3. Conservation et destinataires de vos Donn\u00e9es Personnelles<\/h5>\n\n\n\n<p>Les Donn\u00e9es susvis\u00e9es sont conserv\u00e9es uniquement pour la dur\u00e9e n\u00e9cessaire aux finalit\u00e9s pour lesquelles elles sont collect\u00e9es et trait\u00e9es et ce, dans le respect de la l\u00e9gislation en vigueur.<\/p>\n\n\n\n<p>Les Donn\u00e9es collect\u00e9es et trait\u00e9es par Cl\u00e9ment ABITBOL au moyen du Site ne sont pas c\u00e9d\u00e9es ou lou\u00e9es, \u00e0 titre gratuit ou on\u00e9reux, \u00e0 des tiers. Ne sont pas consid\u00e9r\u00e9s comme des tiers les bureaux de Cl\u00e9ment ABITBOL situ\u00e9s dans l\u2019Union europ\u00e9enne.<\/p>\n\n\n\n<h5 class=\"wp-block-heading\">4. S\u00e9curit\u00e9<\/h5>\n\n\n\n<p>Cl\u00e9ment ABITBOL s\u2019engage \u00e0 prot\u00e9ger la s\u00e9curit\u00e9, la confidentialit\u00e9 et l\u2019int\u00e9grit\u00e9 des Donn\u00e9es des Utilisateurs fournies sur le Site par l\u2019utilisation de moyens de s\u00e9curisation physiques et logiques.<\/p>\n\n\n\n<p>Toutefois, et compte tenu des caract\u00e9ristiques inh\u00e9rentes \u00e0 Internet comme moyen de communication global, Cl\u00e9ment ABITBOL ne peut pas garantir que ces informations, lors d\u2019une transmission sur Internet, ne puissent pas \u00eatre intercept\u00e9es par des tiers.<\/p>\n\n\n\n<h5 class=\"wp-block-heading\">5. Cookies<\/h5>\n\n\n\n<p>En naviguant sur le Site, les Utilisateurs acceptent l\u2019utilisation de cookies dans les conditions d\u00e9crites ci-apr\u00e8s. Si les Utilisateurs qui ne souhaitent pas accepter ces cookies peuvent les d\u00e9sactiver en suivant les instructions d\u00e9crites ci-apr\u00e8s.<\/p>\n\n\n\n<p><strong>D\u00e9finition<\/strong><\/p>\n\n\n\n<p>Les cookies sont des donn\u00e9es stock\u00e9es dans l\u2019\u00e9quipement terminal d\u2019un internaute et utilis\u00e9es par le site que les internautes visitent pour envoyer des informations au navigateur, et permettant \u00e0 ce navigateur de renvoyer des informations au site d\u2019origine. Ils contiennent g\u00e9n\u00e9ralement le nom du serveur qui l\u2019a d\u00e9pos\u00e9, un identifiant sous forme de num\u00e9ro unique et une date d\u2019expiration.<\/p>\n\n\n\n<p>Les cookies permettent de conserver, pendant la dur\u00e9e de validit\u00e9 du cookie, des informations d\u2019\u00e9tat lorsqu\u2019un navigateur acc\u00e8de aux diff\u00e9rentes pages d\u2019un site web ou lorsque ce navigateur retourne plus tard sur ce site Internet.<\/p>\n\n\n\n<p>La lecture ou la modification des informations contenues dans un cookie rel\u00e8vent de son seul \u00e9metteur.<\/p>\n\n\n\n<p><strong>Finalit\u00e9<\/strong><\/p>\n\n\n\n<p>Afin de proposer des services adapt\u00e9s au terminal de l\u2019Utilisateur (ordinateur, mobile ou tablette), les cookies utilis\u00e9s par Cl\u00e9ment ABITBOL ont pour finalit\u00e9s :<\/p>\n\n\n\n<p>-La collecte d\u2019informations relatives \u00e0 la navigation des Utilisateurs ; -L\u2019analyse de la fr\u00e9quentation et de l\u2019utilisation du Site.<\/p>\n\n\n\n<p><strong>Utilisation des cookies par le Cabinet<\/strong><\/p>\n\n\n\n<p>Les cookies utilis\u00e9s sur le Site sont les suivants :<\/p>\n\n\n\n<p>-Des cookies de session qui enregistrent des informations techniques lors de la navigation d\u2019une page \u00e0 une autre sur le Site et qui disparaissent d\u00e8s que l\u2019Utilisateur quitte le Site.<\/p>\n\n\n\n<p>-Des cookies de fonctionnalit\u00e9s permettant notamment de reconnaitre l\u2019Utilisateur lors d\u2019une nouvelle visite sur le Site et adapter le Site en fonction. Il s\u2019agit de cookies permanents qui demeurent sur le terminal de l\u2019Utilisateur jusqu\u2019\u00e0 expiration de leur dur\u00e9e de vie ou leur suppression \u00e0 l\u2019aide des fonctionnalit\u00e9s du navigateur.<\/p>\n\n\n\n<p>-Des cookies de mesure d\u2019audience Google Analytics : ces cookies sont utilis\u00e9s pour collecter de l\u2019information, de mani\u00e8re anonyme, sur les utilisateurs des sites web. Ces cookies permettent de comptabiliser les visiteurs et d\u2019identifier la mani\u00e8re dont ils utilisent le Site. Ces cookies sont d\u00e9pos\u00e9s et lus sur l\u2019\u00e9quipement de l\u2019Utilisateur et d\u00e8s que celui-ci acc\u00e8de \u00e0 un site Internet utilisant le service \u00ab Google Analytics \u00bb.<\/p>\n\n\n\n<p>Vous pouvez consulter la politique de confidentialit\u00e9 de Google via ce lien : https:\/\/support.google.com\/analytics\/answer\/6004245?hl=fr<\/p>\n\n\n\n<p><strong>Consentement \u2013 suppression et gestion des cookies<\/strong><\/p>\n\n\n\n<p>Les Utilisateurs disposent de plusieurs options pour supprimer les cookies.<\/p>\n\n\n\n<p>La plupart des navigateurs sont param\u00e9tr\u00e9s par d\u00e9faut. N\u00e9anmoins, les Utilisateurs peuvent toujours choisir de d\u00e9sactiver un ou plusieurs cookies, refuser leur d\u00e9p\u00f4t ou retirer leur consentement. L\u2019Utilisateur a le choix d\u2019accepter ou de refuser les cookies au cas par cas ou de les refuser de mani\u00e8re g\u00e9n\u00e9rale et syst\u00e9matique.<\/p>\n\n\n\n<p>Les Utilisateurs ont \u00e9galement la possibilit\u00e9 de g\u00e9rer les cookies utilis\u00e9s sur le Site en param\u00e9trant les navigateurs de leurs diff\u00e9rents terminaux (tablettes, smartphones, ordinateurs), comme d\u00e9taill\u00e9 ci-apr\u00e8s.<\/p>\n\n\n\n<p>La configuration de chaque navigateur est d\u00e9crite dans son menu d\u2019aide. G\u00e9n\u00e9ralement, il s\u2019agit de se reporter \u00e0 l\u2019onglet \u00ab Param\u00e8tres \u00bb, puis au menu \u00ab Options \u00bb ou \u00ab Pr\u00e9f\u00e9rences \u00bb.<\/p>\n\n\n\n<p>Les Utilisateurs sont inform\u00e9s qu\u2019en fonction du param\u00e9trage choisi, les conditions d\u2019acc\u00e8s au Site et \u00e0 ses fonctionnalit\u00e9s peuvent le cas \u00e9ch\u00e9ant \u00eatre modifi\u00e9es, ce dont le Cabinet ne saurait \u00eatre responsable.<\/p>\n\n\n\n<p>Lorsque les Utilisateurs refusent le d\u00e9p\u00f4t d\u2019un cookie en suivant les param\u00e8tres expos\u00e9s ci-avant, un cookie est install\u00e9 et conserv\u00e9 sur leur navigateur afin de les identifier comme personne ayant refus\u00e9 l\u2019installation de cookies. Dans l\u2019hypoth\u00e8se o\u00f9 les Utilisateurs effaceraient ce cookie de leur navigateur ou qu\u2019ils se connecteraient \u00e0 partir d\u2019un navigateur Internet diff\u00e9rent ou un autre ordinateur, ils devraient alors entreprendre la m\u00eame proc\u00e9dure de refus de d\u00e9p\u00f4t des cookies.<\/p>\n\n\n\n<h5 class=\"wp-block-heading\">6. Droits de l\u2019Utilisateur<\/h5>\n\n\n\n<p>Chaque Utilisateur dispose d\u2019un droit d\u2019acc\u00e8s, de modification, de rectification et de suppression des Donn\u00e9es le concernant.<\/p>\n\n\n\n<p>Chaque Utilisateur a \u00e9galement la possibilit\u00e9 de s\u2019opposer, pour des motifs l\u00e9gitimes, \u00e0 ce que ses Donn\u00e9es fassent l\u2019objet d\u2019un traitement par Cl\u00e9ment ABITBOL.<\/p>\n\n\n\n<p>Ces droits peuvent \u00eatre exerc\u00e9s en envoyant un courrier au 65, rue de Prony \u2013 75017 PARIS \u00e0 l\u2019attention du DPO ou par mail \u00e0 : contact@clementabitbol.com.<\/p>\n\n\n\n<h5 class=\"wp-block-heading\">7. Modification de la Politique de Confidentialit\u00e9<\/h5>\n\n\n\n<p>Cl\u00e9ment ABITBOL se r\u00e9serve le droit de modifier la pr\u00e9sente Politique de Confidentialit\u00e9 \u00e0 tout moment.<\/p>\n\n\n\n<p>En cas de modification ou de mise \u00e0 jour, la Politique de Confidentialit\u00e9 r\u00e9vis\u00e9e sera mise en ligne sur le Site avec mention de la derni\u00e8re date de mise \u00e0 jour.<\/p>\n\n\n\n<p>L\u2019Utilisateur devra en cons\u00e9quence v\u00e9rifier r\u00e9guli\u00e8rement le Site pour rester inform\u00e9 de tout changement ou mise \u00e0 jour de la Politique de Confidentialit\u00e9.<\/p>\n\n\n\n<h5 class=\"wp-block-heading\">8. Loi et Juridiction applicable<\/h5>\n\n\n\n<p>La pr\u00e9sente Politique de Confidentialit\u00e9 est r\u00e9gie par la loi fran\u00e7aise et tout litige \u00e0 son sujet rel\u00e8vera de la comp\u00e9tence exclusive des tribunaux de Paris. \u00bb<\/p>\n","protected":false},"excerpt":{"rendered":"<p>En utilisant le site Internet https:\/\/www.clementabitbol.com\/ (ci-apr\u00e8s le \u00ab Site \u00bb), l\u2019utilisateur (l\u2019 \u00ab Utilisateur \u00bb) accepte la collecte et l\u2019utilisation de ses donn\u00e9es \u00e0 caract\u00e8re personnel (les \u00ab Donn\u00e9es Personnelles \u00bb ou \u00ab Donn\u00e9es \u00bb) de la mani\u00e8re d\u00e9crite dans la pr\u00e9sente Politique de Confidentialit\u00e9 et ce, par Cl\u00e9ment ABITBOL. Les traitements de Donn\u00e9es [&hellip;]<\/p>\n","protected":false},"author":1,"featured_media":0,"parent":0,"menu_order":0,"comment_status":"closed","ping_status":"closed","template":"pages\/politique-confidentialite.php","meta":{"_acf_changed":false,"footnotes":""},"class_list":["post-229","page","type-page","status-publish","hentry"],"acf":[],"_links":{"self":[{"href":"https:\/\/clementabitbol.com\/en\/wp-json\/wp\/v2\/pages\/229","targetHints":{"allow":["GET"]}}],"collection":[{"href":"https:\/\/clementabitbol.com\/en\/wp-json\/wp\/v2\/pages"}],"about":[{"href":"https:\/\/clementabitbol.com\/en\/wp-json\/wp\/v2\/types\/page"}],"author":[{"embeddable":true,"href":"https:\/\/clementabitbol.com\/en\/wp-json\/wp\/v2\/users\/1"}],"replies":[{"embeddable":true,"href":"https:\/\/clementabitbol.com\/en\/wp-json\/wp\/v2\/comments?post=229"}],"version-history":[{"count":1,"href":"https:\/\/clementabitbol.com\/en\/wp-json\/wp\/v2\/pages\/229\/revisions"}],"predecessor-version":[{"id":232,"href":"https:\/\/clementabitbol.com\/en\/wp-json\/wp\/v2\/pages\/229\/revisions\/232"}],"wp:attachment":[{"href":"https:\/\/clementabitbol.com\/en\/wp-json\/wp\/v2\/media?parent=229"}],"curies":[{"name":"wp","href":"https:\/\/api.w.org\/{rel}","templated":true}]}}