{"id":227,"date":"2024-07-17T10:32:48","date_gmt":"2024-07-17T10:32:48","guid":{"rendered":"https:\/\/clementabitbol.eliott-markus.cloud\/mentions-legales\/"},"modified":"2024-07-19T08:29:09","modified_gmt":"2024-07-19T08:29:09","slug":"mentions-legales","status":"publish","type":"page","link":"https:\/\/clementabitbol.com\/en\/mentions-legales\/","title":{"rendered":"Mentions l\u00e9gales"},"content":{"rendered":"\n<p>Le pr\u00e9sent site web, accessible notamment \u00e0 partir de l\u2019adresse https:\/\/ www.clementabitbol.com\/ (ci-apr\u00e8s le \u201cSite Web\u201d) est \u00e9dit\u00e9 par : Cl\u00e9ment ABITBOL, Cabinet d\u2019avocats (ci-apr\u00e8s \u201cMa\u00eetre Cl\u00e9ment ABITBOL\u201d), 65 rue de Prony \u2013 75017 PARIS.<\/p>\n\n\n\n<p><strong>T\u00e9l\u00e9phone :<\/strong> +33 (0)1 85 15 09 59<br><strong>Fax :<\/strong> +33(0)1.83.62.43.37<br><strong>Num\u00e9ro de SIRET:<\/strong> 523 178 978.<\/p>\n\n\n\n<p>Le directeur de la publication est Ma\u00eetre Cl\u00e9ment ABITBOL,<\/p>\n\n\n\n<p>Le Site Web est h\u00e9berg\u00e9 par : Leaseweb Deutschland GmbH Frankfurt am Main FRA-10 Data Center Kleyerstr. 75-87, 60326 Frankfurt am Main, Germany<\/p>\n\n\n\n<p><strong>Protection des droits de propri\u00e9t\u00e9 intellectuelle<\/strong><br>Le Site Web et chacun des \u00e9l\u00e9ments qui le compose, et notamment les textes, articles, lettres d\u2019informations, communiqu\u00e9s, pr\u00e9sentations, brochures, illustrations, photographies, programmes informatiques, animations, etc., sont la propri\u00e9t\u00e9 intellectuelle exclusive de Ma\u00eetre Cl\u00e9ment ABITBOL \u00e0 l\u2019exception des marques de tiers qui pourraient \u00eatre cit\u00e9es.<\/p>\n\n\n\n<p>L\u2019Utilisateur n\u2019est pas autoris\u00e9 \u00e0 reproduire, repr\u00e9senter, modifier, traduire et\/ou adapter, partiellement ou totalement, \u00e0 titre on\u00e9reux ou gratuit, le Site Web et chacun des \u00e9l\u00e9ments qui le compose, ni reproduire ou repr\u00e9senter de telles traductions, adaptations et modifications, partiellement ou totalement, \u00e0 titre on\u00e9reux ou gratuit, sans l\u2019accord pr\u00e9alable \u00e9crit de Ma\u00eetre Cl\u00e9ment ABITBOL.<\/p>\n\n\n\n<p><strong>Dispositions diverses<\/strong><br>Le Site Web est accessible 7 jours sur 7, 24 heures sur 24 sous r\u00e9serve des interruptions n\u00e9cessaires aux op\u00e9rations techniques de maintenance, d\u2019entretien et de mise \u00e0 jour que Ma\u00eetre Cl\u00e9ment ABITBOL jugerait utile d\u2019effectuer. Chaque Utilisateur est seul responsable de l\u2019usage qu\u2019il fait des informations fournies \u00e0 partir du Site Web et Ma\u00eetre Cl\u00e9ment ABITBOL ne pourra en aucun cas \u00eatre tenu responsable de tous dommages directs ou indirects d\u00e9coulant de l\u2019utilisation de ces informations par l\u2019Utilisateur. Les Utilisateurs ne sont pas autoris\u00e9s \u00e0 cr\u00e9er un lien hypertexte vers le Site Web et\/ou une page quelconque du Site Web et\/ou d\u2019un fichier s\u2019y trouvant sans l\u2019accord pr\u00e9alable et expr\u00e8s de Ma\u00eetre Cl\u00e9ment ABITBOL.<\/p>\n","protected":false},"excerpt":{"rendered":"<p>Le pr\u00e9sent site web, accessible notamment \u00e0 partir de l\u2019adresse https:\/\/ www.clementabitbol.com\/ (ci-apr\u00e8s le \u201cSite Web\u201d) est \u00e9dit\u00e9 par : Cl\u00e9ment ABITBOL, Cabinet d\u2019avocats (ci-apr\u00e8s \u201cMa\u00eetre Cl\u00e9ment ABITBOL\u201d), 65 rue de Prony \u2013 75017 PARIS. T\u00e9l\u00e9phone : +33 (0)1 85 15 09 59Fax : +33(0)1.83.62.43.37Num\u00e9ro de SIRET: 523 178 978. Le directeur de la publication [&hellip;]<\/p>\n","protected":false},"author":1,"featured_media":0,"parent":0,"menu_order":0,"comment_status":"closed","ping_status":"closed","template":"pages\/mentions-legales.php","meta":{"_acf_changed":false,"footnotes":""},"class_list":["post-227","page","type-page","status-publish","hentry"],"acf":[],"_links":{"self":[{"href":"https:\/\/clementabitbol.com\/en\/wp-json\/wp\/v2\/pages\/227","targetHints":{"allow":["GET"]}}],"collection":[{"href":"https:\/\/clementabitbol.com\/en\/wp-json\/wp\/v2\/pages"}],"about":[{"href":"https:\/\/clementabitbol.com\/en\/wp-json\/wp\/v2\/types\/page"}],"author":[{"embeddable":true,"href":"https:\/\/clementabitbol.com\/en\/wp-json\/wp\/v2\/users\/1"}],"replies":[{"embeddable":true,"href":"https:\/\/clementabitbol.com\/en\/wp-json\/wp\/v2\/comments?post=227"}],"version-history":[{"count":2,"href":"https:\/\/clementabitbol.com\/en\/wp-json\/wp\/v2\/pages\/227\/revisions"}],"predecessor-version":[{"id":235,"href":"https:\/\/clementabitbol.com\/en\/wp-json\/wp\/v2\/pages\/227\/revisions\/235"}],"wp:attachment":[{"href":"https:\/\/clementabitbol.com\/en\/wp-json\/wp\/v2\/media?parent=227"}],"curies":[{"name":"wp","href":"https:\/\/api.w.org\/{rel}","templated":true}]}}